{"id":316,"date":"2020-05-06T13:31:28","date_gmt":"2020-05-06T19:31:28","guid":{"rendered":"https:\/\/revistagasolineros.com\/?page_id=316"},"modified":"2020-12-28T08:19:46","modified_gmt":"2020-12-28T14:19:46","slug":"revista-institucional","status":"publish","type":"page","link":"https:\/\/revistagasolineros.com\/index.php\/revista-institucional\/","title":{"rendered":"Revista Institucional"},"content":{"rendered":"\n<p>La C\u00e1mara de Empresarios del Combustible posee la revista Gasolineros impresa dirigida al p\u00fablico externo institucional de nuestro sector. En esta secci\u00f3n podr\u00e1s descargar los \u00faltimos ejemplares. <\/p>\n\n\n\n<p><\/p>\n\n\n\n<div class=\"wp-block-image\"><figure class=\"alignleft size-large is-resized\"><img loading=\"lazy\" decoding=\"async\" src=\"https:\/\/revistagasolineros.com\/wp-content\/uploads\/2020\/12\/RevistaIcono65.jpg\" alt=\"\" class=\"wp-image-636\" width=\"115\" height=\"143\" srcset=\"https:\/\/revistagasolineros.com\/wp-content\/uploads\/2020\/12\/RevistaIcono65.jpg 458w, https:\/\/revistagasolineros.com\/wp-content\/uploads\/2020\/12\/RevistaIcono65-240x300.jpg 240w\" sizes=\"auto, (max-width: 115px) 100vw, 115px\" \/><\/figure><\/div>\n\n\n\n<h4 class=\"wp-block-heading\">Revista  Institucional #65: Setiembre &#8211; Diciembre 2020 <\/h4>\n\n\n\n<div class=\"wp-block-file\"><a href=\"https:\/\/revistagasolineros.com\/wp-content\/uploads\/2020\/12\/Gasolineros-65.pdf\"> <\/a><a href=\"https:\/\/revistagasolineros.com\/wp-content\/uploads\/2020\/12\/Gasolineros-65.pdf\" class=\"wp-block-file__button\" download>Descarga<\/a><\/div>\n\n\n\n<hr class=\"wp-block-separator\"\/>\n\n\n\n<div style=\"height:25px\" aria-hidden=\"true\" class=\"wp-block-spacer\"><\/div>\n\n\n\n<div class=\"wp-block-image\"><figure class=\"alignleft size-large is-resized\"><img loading=\"lazy\" decoding=\"async\" src=\"https:\/\/revistagasolineros.com\/wp-content\/uploads\/2020\/09\/RevistaIcono64.jpg\" alt=\"\" class=\"wp-image-573\" width=\"115\" height=\"143\" srcset=\"https:\/\/revistagasolineros.com\/wp-content\/uploads\/2020\/09\/RevistaIcono64.jpg 458w, https:\/\/revistagasolineros.com\/wp-content\/uploads\/2020\/09\/RevistaIcono64-240x300.jpg 240w\" sizes=\"auto, (max-width: 115px) 100vw, 115px\" \/><\/figure><\/div>\n\n\n\n<h4 class=\"wp-block-heading\">Revista  Institucional #64: Mayo &#8211; Agosto 2020 <\/h4>\n\n\n\n<div class=\"wp-block-file\"><a href=\"https:\/\/revistagasolineros.com\/wp-content\/uploads\/2020\/09\/Revista-Gasolineros-64.pdf\" class=\"wp-block-file__button\" download>Descarga<\/a><\/div>\n\n\n\n<hr class=\"wp-block-separator\"\/>\n\n\n\n<div style=\"height:25px\" aria-hidden=\"true\" class=\"wp-block-spacer\"><\/div>\n\n\n\n<div class=\"wp-block-image\"><figure class=\"alignleft is-resized\"><img loading=\"lazy\" decoding=\"async\" src=\"https:\/\/revistagasolineros.com\/wp-content\/uploads\/2020\/05\/RevistaIcono63.jpg\" alt=\"\" class=\"wp-image-336\" width=\"115\" height=\"143\" srcset=\"https:\/\/revistagasolineros.com\/wp-content\/uploads\/2020\/05\/RevistaIcono63.jpg 458w, https:\/\/revistagasolineros.com\/wp-content\/uploads\/2020\/05\/RevistaIcono63-240x300.jpg 240w\" sizes=\"auto, (max-width: 115px) 100vw, 115px\" \/><\/figure><\/div>\n\n\n\n<h4 class=\"wp-block-heading\">Revista  Institucional #63: Enero &#8211; Abril 2020 <\/h4>\n\n\n\n<div class=\"wp-block-file\"><a href=\"https:\/\/revistagasolineros.com\/wp-content\/uploads\/2020\/05\/Revista-63_digital.pdf\" class=\"wp-block-file__button\" download>Descarga<\/a><\/div>\n\n\n\n<hr class=\"wp-block-separator\"\/>\n\n\n\n<div style=\"height:24px\" aria-hidden=\"true\" class=\"wp-block-spacer\"><\/div>\n\n\n\n<div class=\"wp-block-image\"><figure class=\"alignleft is-resized\"><img loading=\"lazy\" decoding=\"async\" src=\"https:\/\/revistagasolineros.com\/wp-content\/uploads\/2020\/05\/RevistaIcono62.jpg\" alt=\"\" class=\"wp-image-356\" width=\"115\" height=\"143\" srcset=\"https:\/\/revistagasolineros.com\/wp-content\/uploads\/2020\/05\/RevistaIcono62.jpg 458w, https:\/\/revistagasolineros.com\/wp-content\/uploads\/2020\/05\/RevistaIcono62-240x300.jpg 240w\" sizes=\"auto, (max-width: 115px) 100vw, 115px\" \/><\/figure><\/div>\n\n\n\n<h4 class=\"wp-block-heading\">Revista  Institucional #62: Octubre &#8211; Diciembre 2019 <\/h4>\n\n\n\n<div class=\"wp-block-file\"><a href=\"https:\/\/revistagasolineros.com\/wp-content\/uploads\/2020\/05\/Revista-Gasolineros-62.pdf\" class=\"wp-block-file__button\" download>Descarga<\/a><\/div>\n\n\n\n<hr class=\"wp-block-separator\"\/>\n\n\n\n<div style=\"height:24px\" aria-hidden=\"true\" class=\"wp-block-spacer\"><\/div>\n\n\n\n<div class=\"wp-block-image\"><figure class=\"alignleft is-resized\"><img loading=\"lazy\" decoding=\"async\" src=\"https:\/\/revistagasolineros.com\/wp-content\/uploads\/2020\/05\/RevistaIcono61.jpg\" alt=\"\" class=\"wp-image-355\" width=\"115\" height=\"143\" srcset=\"https:\/\/revistagasolineros.com\/wp-content\/uploads\/2020\/05\/RevistaIcono61.jpg 458w, https:\/\/revistagasolineros.com\/wp-content\/uploads\/2020\/05\/RevistaIcono61-240x300.jpg 240w\" sizes=\"auto, (max-width: 115px) 100vw, 115px\" \/><\/figure><\/div>\n\n\n\n<h4 class=\"wp-block-heading\">Revista  Institucional #61: Julio &#8211; Setiembre 2019<\/h4>\n\n\n\n<div class=\"wp-block-file\"><a href=\"https:\/\/revistagasolineros.com\/wp-content\/uploads\/2020\/05\/Revista-61.pdf\" class=\"wp-block-file__button\" download>Descarga<\/a><\/div>\n\n\n\n<hr class=\"wp-block-separator\"\/>\n\n\n\n<div style=\"height:60px\" aria-hidden=\"true\" class=\"wp-block-spacer\"><\/div>\n","protected":false},"excerpt":{"rendered":"<p>La C\u00e1mara de Empresarios del Combustible posee la revista Gasolineros impresa dirigida al p\u00fablico externo institucional de nuestro sector. En esta secci\u00f3n podr\u00e1s descargar los \u00faltimos ejemplares. Revista Institucional #65: Setiembre &#8211; Diciembre 2020 Revista Institucional #64: Mayo &#8211; Agosto 2020 Revista Institucional #63: Enero &#8211; Abril 2020 Revista Institucional #62: Octubre &#8211; Diciembre 2019 [&hellip;]<\/p>\n","protected":false},"author":1,"featured_media":0,"parent":0,"menu_order":0,"comment_status":"closed","ping_status":"closed","template":"","meta":{"_monsterinsights_skip_tracking":false,"_monsterinsights_sitenote_active":false,"_monsterinsights_sitenote_note":"","_monsterinsights_sitenote_category":0,"footnotes":""},"class_list":["post-316","page","type-page","status-publish","hentry"],"aioseo_notices":[],"_links":{"self":[{"href":"https:\/\/revistagasolineros.com\/index.php\/wp-json\/wp\/v2\/pages\/316","targetHints":{"allow":["GET"]}}],"collection":[{"href":"https:\/\/revistagasolineros.com\/index.php\/wp-json\/wp\/v2\/pages"}],"about":[{"href":"https:\/\/revistagasolineros.com\/index.php\/wp-json\/wp\/v2\/types\/page"}],"author":[{"embeddable":true,"href":"https:\/\/revistagasolineros.com\/index.php\/wp-json\/wp\/v2\/users\/1"}],"replies":[{"embeddable":true,"href":"https:\/\/revistagasolineros.com\/index.php\/wp-json\/wp\/v2\/comments?post=316"}],"version-history":[{"count":41,"href":"https:\/\/revistagasolineros.com\/index.php\/wp-json\/wp\/v2\/pages\/316\/revisions"}],"predecessor-version":[{"id":640,"href":"https:\/\/revistagasolineros.com\/index.php\/wp-json\/wp\/v2\/pages\/316\/revisions\/640"}],"wp:attachment":[{"href":"https:\/\/revistagasolineros.com\/index.php\/wp-json\/wp\/v2\/media?parent=316"}],"curies":[{"name":"wp","href":"https:\/\/api.w.org\/{rel}","templated":true}]}}